{"id":2230,"date":"2026-03-17T15:45:43","date_gmt":"2026-03-17T13:45:43","guid":{"rendered":"https:\/\/elsauna.com\/?page_id=2230"},"modified":"2026-04-10T14:11:42","modified_gmt":"2026-04-10T12:11:42","slug":"pirkimo-salygos","status":"publish","type":"page","link":"https:\/\/elsauna.com\/en\/pirkimo-salygos\/","title":{"rendered":"Elsauna \u2013 Preki\u0173 pristatymo ir gr\u0105\u017einimo s\u0105lygos"},"content":{"rendered":"<div data-elementor-type=\"wp-page\" data-elementor-id=\"2230\" class=\"elementor elementor-2230\">\n\t\t\t\t<div class=\"elementor-element elementor-element-0a1294c e-flex e-con-boxed e-con e-parent\" data-id=\"0a1294c\" data-element_type=\"container\" data-e-type=\"container\" data-settings=\"{&quot;shape_divider_top&quot;:&quot;mountains&quot;}\">\n\t\t\t\t\t<div class=\"e-con-inner\">\n\t\t\t\t<div class=\"elementor-shape elementor-shape-top\" aria-hidden=\"true\" data-negative=\"false\">\n\t\t\t<svg xmlns=\"http:\/\/www.w3.org\/2000\/svg\" viewbox=\"0 0 1000 100\" preserveaspectratio=\"none\">\n\t<path class=\"elementor-shape-fill\" opacity=\"0.33\" d=\"M473,67.3c-203.9,88.3-263.1-34-320.3,0C66,119.1,0,59.7,0,59.7V0h1000v59.7 c0,0-62.1,26.1-94.9,29.3c-32.8,3.3-62.8-12.3-75.8-22.1C806,49.6,745.3,8.7,694.9,4.7S492.4,59,473,67.3z\"\/>\n\t<path class=\"elementor-shape-fill\" opacity=\"0.66\" d=\"M734,67.3c-45.5,0-77.2-23.2-129.1-39.1c-28.6-8.7-150.3-10.1-254,39.1 s-91.7-34.4-149.2,0C115.7,118.3,0,39.8,0,39.8V0h1000v36.5c0,0-28.2-18.5-92.1-18.5C810.2,18.1,775.7,67.3,734,67.3z\"\/>\n\t<path class=\"elementor-shape-fill\" d=\"M766.1,28.9c-200-57.5-266,65.5-395.1,19.5C242,1.8,242,5.4,184.8,20.6C128,35.8,132.3,44.9,89.9,52.5C28.6,63.7,0,0,0,0 h1000c0,0-9.9,40.9-83.6,48.1S829.6,47,766.1,28.9z\"\/>\n<\/svg>\t\t<\/div>\n\t\t\t\t<div class=\"elementor-element elementor-element-f4b3499 elementor-widget elementor-widget-text-editor\" data-id=\"f4b3499\" data-element_type=\"widget\" data-e-type=\"widget\" data-widget_type=\"text-editor.default\">\n\t\t\t\t\t\t\t\t\t<p>\u00a0<\/p><p>\u00a0<\/p>\t\t\t\t\t\t\t\t<\/div>\n\t\t\t\t\t<\/div>\n\t\t\t\t<\/div>\n\t\t<div class=\"elementor-element elementor-element-77cb72b6 e-flex e-con-boxed e-con e-parent\" data-id=\"77cb72b6\" data-element_type=\"container\" data-e-type=\"container\">\n\t\t\t\t\t<div class=\"e-con-inner\">\n\t\t\t\t<div class=\"elementor-element elementor-element-3e312100 elementor-widget elementor-widget-text-editor\" data-id=\"3e312100\" data-element_type=\"widget\" data-e-type=\"widget\" data-widget_type=\"text-editor.default\">\n\t\t\t\t\t\t\t\t\t<h1 style=\"text-align: center;\">Terms of Delivery and Product Returns<\/h1><p>\u00a0<\/p><h2 style=\"text-align: center;\" data-path-to-node=\"4,0,0\"><strong>1. Delivery Terms and Procedures<\/strong><\/h2><p><strong>1.1.<\/strong> All items ordered from the elsauna.com online store are prepared and dispatched within 1\u20133 business days following the receipt of payment and final confirmation of order specifications (e.g., color, size, or other options), unless a different production timeframe is specified for a particular item.<\/p><p><strong>1.2.<\/strong> The Buyer will be notified of the shipment via email, including a tracking number (if available).<\/p><p><strong>1.3.<\/strong> Stated delivery times are estimates. In the event of high order volumes, production or material supply delays, technical issues, or other disruptions beyond the Seller\u2019s reasonable control, elsauna.com reserves the right to extend the dispatch period by up to an additional 5 business days, notifying the Buyer via email or telephone.<\/p><p><strong>1.4.<\/strong> elsauna.com is not liable for breaches of delivery deadlines caused by the actions of couriers, parcel locker services, or other delivery providers, nor for delays resulting from incorrect data provided by the Buyer or other circumstances beyond the Seller's control.<\/p><p>\u00a0<\/p><h2 style=\"text-align: center;\"><strong>2. Custom Orders and Product Characteristics<\/strong><\/h2><p><strong>2.1.<\/strong> Product returns at the elsauna.com store are carried out in accordance with these rules.<\/p><p><strong>2.2.<\/strong> Given that all elsauna.com products are manufactured only upon receiving an individual customer order and based on their selected parameters (specific color, size, or other specifications), they are considered goods made to the consumer's special instructions. Therefore, the consumer's right to withdraw from a distance selling contract does not apply to such goods.<\/p><p><strong>2.3.<\/strong> Given that all elsauna.com products are manufactured only upon receiving an individual customer order and based on their selected parameters (specific color, size, or other specifications), they are considered goods made to the consumer's special instructions. Therefore, the consumer's right to withdraw from a distance selling contract does not apply to such goods.<\/p><p>\u00a0<\/p><h2 style=\"text-align: center;\"><strong>3. Return Conditions<\/strong><\/h2><p><strong>3.1.<\/strong> Each return request is reviewed on an individual basis. If, in exceptional cases, the Seller agrees to accept a return, the following conditions must be met:<br \/>\u2022 The returned item is in its original, orderly packaging;<br \/>\u2022 The item is unused and undamaged;<br \/>\u2022 The item maintains its original commercial appearance;<br \/>\u2022 Proof of purchase (invoice) is provided.<\/p><p><strong>3.2.<\/strong> If a Buyer wishes to discuss a return, they must contact garodvasia@gmail.com.<\/p><p>\u00a0<\/p><h2 style=\"text-align: center;\"><strong>4. Refunds and Buyer Responsibility<\/strong><\/h2><p><strong>4.1.<\/strong> Refunds for returned items are issued only after the return is approved and the item is received. Funds will be transferred to the Buyer\u2019s bank account within 14 calendar days. Return shipping costs are covered by the Buyer. Original shipping fees (delivery to the Buyer) are non-refundable.<\/p><p><strong>4.2.<\/strong> The returned item must be complete. The Buyer is responsible for the full assembly\/completion of the item and secure packaging. If the item is incomplete or improperly packaged, the Seller reserves the right to refuse the return.<\/p><p><strong>4.3.<\/strong> Goods are returned at the Buyer\u2019s expense to the address provided by the Seller.<\/p><p><!-- \/wp:fl-builder\/layout --><\/p>\t\t\t\t\t\t\t\t<\/div>\n\t\t\t\t\t<\/div>\n\t\t\t\t<\/div>\n\t\t<div class=\"elementor-element elementor-element-b66380e e-flex e-con-boxed e-con e-parent\" data-id=\"b66380e\" data-element_type=\"container\" data-e-type=\"container\" data-settings=\"{&quot;shape_divider_bottom&quot;:&quot;mountains&quot;}\">\n\t\t\t\t\t<div class=\"e-con-inner\">\n\t\t\t\t<div class=\"elementor-shape elementor-shape-bottom\" aria-hidden=\"true\" data-negative=\"false\">\n\t\t\t<svg xmlns=\"http:\/\/www.w3.org\/2000\/svg\" viewbox=\"0 0 1000 100\" preserveaspectratio=\"none\">\n\t<path class=\"elementor-shape-fill\" opacity=\"0.33\" d=\"M473,67.3c-203.9,88.3-263.1-34-320.3,0C66,119.1,0,59.7,0,59.7V0h1000v59.7 c0,0-62.1,26.1-94.9,29.3c-32.8,3.3-62.8-12.3-75.8-22.1C806,49.6,745.3,8.7,694.9,4.7S492.4,59,473,67.3z\"\/>\n\t<path class=\"elementor-shape-fill\" opacity=\"0.66\" d=\"M734,67.3c-45.5,0-77.2-23.2-129.1-39.1c-28.6-8.7-150.3-10.1-254,39.1 s-91.7-34.4-149.2,0C115.7,118.3,0,39.8,0,39.8V0h1000v36.5c0,0-28.2-18.5-92.1-18.5C810.2,18.1,775.7,67.3,734,67.3z\"\/>\n\t<path class=\"elementor-shape-fill\" d=\"M766.1,28.9c-200-57.5-266,65.5-395.1,19.5C242,1.8,242,5.4,184.8,20.6C128,35.8,132.3,44.9,89.9,52.5C28.6,63.7,0,0,0,0 h1000c0,0-9.9,40.9-83.6,48.1S829.6,47,766.1,28.9z\"\/>\n<\/svg>\t\t<\/div>\n\t\t\t\t<div class=\"elementor-element elementor-element-a624b7d elementor-widget elementor-widget-text-editor\" data-id=\"a624b7d\" data-element_type=\"widget\" data-e-type=\"widget\" data-widget_type=\"text-editor.default\">\n\t\t\t\t\t\t\t\t\t<p>\u00a0<\/p><p>\u00a0<\/p>\t\t\t\t\t\t\t\t<\/div>\n\t\t\t\t\t<\/div>\n\t\t\t\t<\/div>\n\t\t\t\t<\/div>","protected":false},"excerpt":{"rendered":"<p>\u00a0 \u00a0 Preki\u0173 pristatymo ir gr\u0105\u017einimo s\u0105lygos \u00a0 1. Preki\u0173 pristatymo terminai ir tvarka 1.1. Visos elsauna.com elektronin\u0117je parduotuv\u0117je u\u017esakytos [&hellip;]<\/p>\n","protected":false},"author":1,"featured_media":0,"parent":0,"menu_order":0,"comment_status":"closed","ping_status":"closed","template":"","meta":{"_monsterinsights_skip_tracking":false,"_monsterinsights_sitenote_active":false,"_monsterinsights_sitenote_note":"","_monsterinsights_sitenote_category":0,"site-sidebar-layout":"no-sidebar","site-content-layout":"","ast-site-content-layout":"full-width-container","site-content-style":"default","site-sidebar-style":"default","ast-global-header-display":"","ast-banner-title-visibility":"","ast-main-header-display":"","ast-hfb-above-header-display":"","ast-hfb-below-header-display":"","ast-hfb-mobile-header-display":"","site-post-title":"disabled","ast-breadcrumbs-content":"","ast-featured-img":"disabled","footer-sml-layout":"","ast-disable-related-posts":"","theme-transparent-header-meta":"","adv-header-id-meta":"","stick-header-meta":"","header-above-stick-meta":"","header-main-stick-meta":"","header-below-stick-meta":"","astra-migrate-meta-layouts":"default","ast-page-background-enabled":"default","ast-page-background-meta":{"desktop":{"background-color":"var(--ast-global-color-5)","background-image":"","background-repeat":"repeat","background-position":"center center","background-size":"auto","background-attachment":"scroll","background-type":"","background-media":"","overlay-type":"","overlay-color":"","overlay-opacity":"","overlay-gradient":""},"tablet":{"background-color":"","background-image":"","background-repeat":"repeat","background-position":"center center","background-size":"auto","background-attachment":"scroll","background-type":"","background-media":"","overlay-type":"","overlay-color":"","overlay-opacity":"","overlay-gradient":""},"mobile":{"background-color":"","background-image":"","background-repeat":"repeat","background-position":"center center","background-size":"auto","background-attachment":"scroll","background-type":"","background-media":"","overlay-type":"","overlay-color":"","overlay-opacity":"","overlay-gradient":""}},"ast-content-background-meta":{"desktop":{"background-color":"var(--ast-global-color-4)","background-image":"","background-repeat":"repeat","background-position":"center center","background-size":"auto","background-attachment":"scroll","background-type":"","background-media":"","overlay-type":"","overlay-color":"","overlay-opacity":"","overlay-gradient":""},"tablet":{"background-color":"var(--ast-global-color-4)","background-image":"","background-repeat":"repeat","background-position":"center center","background-size":"auto","background-attachment":"scroll","background-type":"","background-media":"","overlay-type":"","overlay-color":"","overlay-opacity":"","overlay-gradient":""},"mobile":{"background-color":"var(--ast-global-color-4)","background-image":"","background-repeat":"repeat","background-position":"center center","background-size":"auto","background-attachment":"scroll","background-type":"","background-media":"","overlay-type":"","overlay-color":"","overlay-opacity":"","overlay-gradient":""}},"footnotes":""},"class_list":["post-2230","page","type-page","status-publish","hentry"],"aioseo_notices":[],"_links":{"self":[{"href":"https:\/\/elsauna.com\/en\/wp-json\/wp\/v2\/pages\/2230","targetHints":{"allow":["GET"]}}],"collection":[{"href":"https:\/\/elsauna.com\/en\/wp-json\/wp\/v2\/pages"}],"about":[{"href":"https:\/\/elsauna.com\/en\/wp-json\/wp\/v2\/types\/page"}],"author":[{"embeddable":true,"href":"https:\/\/elsauna.com\/en\/wp-json\/wp\/v2\/users\/1"}],"replies":[{"embeddable":true,"href":"https:\/\/elsauna.com\/en\/wp-json\/wp\/v2\/comments?post=2230"}],"version-history":[{"count":55,"href":"https:\/\/elsauna.com\/en\/wp-json\/wp\/v2\/pages\/2230\/revisions"}],"predecessor-version":[{"id":2562,"href":"https:\/\/elsauna.com\/en\/wp-json\/wp\/v2\/pages\/2230\/revisions\/2562"}],"wp:attachment":[{"href":"https:\/\/elsauna.com\/en\/wp-json\/wp\/v2\/media?parent=2230"}],"curies":[{"name":"wp","href":"https:\/\/api.w.org\/{rel}","templated":true}]}}